{"id":16259,"date":"2014-04-14T08:25:31","date_gmt":"2014-04-14T11:25:31","guid":{"rendered":"http:\/\/demo.select-themes.com\/nouveau\/?page_id=16259"},"modified":"2021-06-24T12:19:31","modified_gmt":"2021-06-24T15:19:31","slug":"estudio-de-fotografia","status":"publish","type":"page","link":"https:\/\/zmphoto.com.br\/","title":{"rendered":"Home"},"content":{"rendered":"<p>[vc_row row_type=&#8221;row&#8221; type=&#8221;full_width&#8221; in_content_menu=&#8221;&#8221; text_align=&#8221;center&#8221; background_color=&#8221;#ffffff&#8221; padding_bottom=&#8221;0&#8243; css_animation=&#8221;&#8221;][vc_column][vc_empty_space][vc_custom_heading text=&#8221;Est\u00fadio Profissional de Fotografia a mais de 40 Anos no Mercado.&#8221; font_container=&#8221;tag:h3|text_align:center|color:%23383838&#8243; google_fonts=&#8221;font_family:Carrois%20Gothic%20SC%3Aregular|font_style:400%20regular%3A400%3Anormal&#8221; css_animation=&#8221;zoomIn&#8221;][vc_empty_space][filter_gallery_wrap columns=&#8221;5&#8243; columnstab=&#8221;4&#8243; columnsmbl=&#8221;3&#8243; hover_effect=&#8221;ih_item_slide_up&#8221; link_icon=&#8221;fas fa-eye&#8221; popup_icon=&#8221;&#8221; checked=&#8221;true&#8221; all_label=&#8221;&#8221; filter_cat=&#8221;&#8221; categ_rlpadding=&#8221;0&#8243; categ_rlmargin=&#8221;0&#8243; categ_textclr=&#8221;#ffffff&#8221;][filter_gallery_son controlname=&#8221;Gastronomia&#8221; caption_bg=&#8221;rgba(255,255,255,0.1)&#8221; iconclr=&#8221;#ffffff&#8221; image_id=&#8221;18619&#8243; caption_url=&#8221;url:https%3A%2F%2Fzmphoto.com.br%2Findex.php%2Fportfolio%2F_gastronomia%2F|title:Gastronomia&#8221;]<\/p>\n<p style=\"color: white;\">GASTRONOMIA<\/p>\n<p>[\/filter_gallery_son][filter_gallery_son controlname=&#8221;Moda-e-Retrato&#8221; caption_bg=&#8221;rgba(10,10,10,0.1)&#8221; iconclr=&#8221;#ffffff&#8221; image_id=&#8221;17856&#8243; caption_url=&#8221;url:https%3A%2F%2Fzmphoto.com.br%2Findex.php%2Fmoda-retrato%2F|title:Gastronomia&#8221; caption_urls=&#8221;&#8221;]<\/p>\n<p style=\"color: white;\">MODA E RETRATO<\/p>\n<p>[\/filter_gallery_son][filter_gallery_son controlname=&#8221;Arquitetura&#8221; caption_bg=&#8221;rgba(10,10,10,0.1)&#8221; iconclr=&#8221;#ffffff&#8221; image_id=&#8221;18617&#8243; caption_url=&#8221;url:https%3A%2F%2Fzmphoto.com.br%2Findex.php%2Fportfolio%2Farquitetura%2F|title:Arquitetura&#8221; caption_urls=&#8221;&#8221;]<\/p>\n<p style=\"color: white;\">ARQUITETURA<\/p>\n<p>[\/filter_gallery_son][filter_gallery_son controlname=&#8221;Produtos&#8221; caption_bg=&#8221;rgba(10,10,10,0.1)&#8221; iconclr=&#8221;#ffffff&#8221; image_id=&#8221;18615&#8243; caption_url=&#8221;url:https%3A%2F%2Fzmphoto.com.br%2Findex.php%2Fprodutos%2F|title:Produtos&#8221;]<\/p>\n<p style=\"color: white;\">PRODUTOS<\/p>\n<p>[\/filter_gallery_son][filter_gallery_son controlname=&#8221;E-Commerce&#8221; caption_bg=&#8221;rgba(10,10,10,0.1)&#8221; iconclr=&#8221;#ffffff&#8221; image_id=&#8221;18611&#8243; caption_url=&#8221;url:https%3A%2F%2Fzmphoto.com.br%2Findex.php%2Fe-commerce%2F|title:E-Commerce&#8221;]<\/p>\n<p style=\"color: black;\">E-COMMERCE<\/p>\n<p>[\/filter_gallery_son][\/filter_gallery_wrap][vc_btn title=&#8221;Veja mais trabalhos&#8221; i_icon_fontawesome=&#8221;far fa-eye&#8221; add_icon=&#8221;true&#8221; link=&#8221;url:https%3A%2F%2Fzmphoto.com.br%2Findex.php%2Fportfolio%2F|title:Portfolio&#8221;][vc_empty_space][vc_custom_heading text=&#8221;Fa\u00e7a um or\u00e7amento&#8221; font_container=&#8221;tag:h2|text_align:center|color:%23383838&#8243; css_animation=&#8221;fadeIn&#8221; link=&#8221;url:https%3A%2F%2Fzmphoto.com.br%2Findex.php%2Fatendimento%2F|title:Portfolio&#8221;][vc_empty_space][\/vc_column][\/vc_row][vc_column][vc_separator type=&#8221;transparent&#8221; up=&#8221;-8&#8243; down=&#8221;0&#8243;][\/vc_column]<\/p>\n","protected":false},"excerpt":{"rendered":"<p>[vc_row row_type=&#8221;row&#8221; type=&#8221;full_width&#8221; in_content_menu=&#8221;&#8221; text_align=&#8221;center&#8221; background_color=&#8221;#ffffff&#8221; padding_bottom=&#8221;0&#8243; css_animation=&#8221;&#8221;][vc_column][vc_empty_space][vc_custom_heading text=&#8221;Est\u00fadio Profissional de Fotografia a mais de 40 Anos no Mercado.&#8221; font_container=&#8221;tag:h3|text_align:center|color:%23383838&#8243; google_fonts=&#8221;font_family:Carrois%20Gothic%20SC%3Aregular|font_style:400%20regular%3A400%3Anormal&#8221; css_animation=&#8221;zoomIn&#8221;][vc_empty_space][filter_gallery_wrap columns=&#8221;5&#8243; columnstab=&#8221;4&#8243; columnsmbl=&#8221;3&#8243; hover_effect=&#8221;ih_item_slide_up&#8221; link_icon=&#8221;fas fa-eye&#8221; popup_icon=&#8221;&#8221; checked=&#8221;true&#8221; all_label=&#8221;&#8221; filter_cat=&#8221;&#8221; categ_rlpadding=&#8221;0&#8243; categ_rlmargin=&#8221;0&#8243; categ_textclr=&#8221;#ffffff&#8221;][filter_gallery_son controlname=&#8221;Gastronomia&#8221; caption_bg=&#8221;rgba(255,255,255,0.1)&#8221; iconclr=&#8221;#ffffff&#8221; image_id=&#8221;18619&#8243; caption_url=&#8221;url:https%3A%2F%2Fzmphoto.com.br%2Findex.php%2Fportfolio%2F_gastronomia%2F|title:Gastronomia&#8221;] GASTRONOMIA [\/filter_gallery_son][filter_gallery_son controlname=&#8221;Moda-e-Retrato&#8221; caption_bg=&#8221;rgba(10,10,10,0.1)&#8221; iconclr=&#8221;#ffffff&#8221;&#8230;<\/p>\n","protected":false},"author":1,"featured_media":0,"parent":0,"menu_order":0,"comment_status":"open","ping_status":"closed","template":"full_width.php","meta":{"footnotes":""},"class_list":["post-16259","page","type-page","status-publish","hentry"],"yoast_head":"<!-- This site is optimized with the Yoast SEO plugin v23.0 - https:\/\/yoast.com\/wordpress\/plugins\/seo\/ -->\n<title>Est\u00fadio Profissional de Fotografia - ZM Photo Est\u00fadio<\/title>\n<meta name=\"description\" content=\"Est\u00fadio de fotografia profissional a mais de 40 anos no mercado-Fotografia de Gastronomia-Still-Moda-Ensaio e muito mais, confira nosso site!\" \/>\n<meta name=\"robots\" content=\"index, follow, max-snippet:-1, max-image-preview:large, max-video-preview:-1\" \/>\n<link rel=\"canonical\" href=\"https:\/\/zmphoto.com.br\/\" \/>\n<meta property=\"og:locale\" content=\"pt_BR\" \/>\n<meta property=\"og:type\" content=\"article\" \/>\n<meta property=\"og:title\" content=\"Est\u00fadio Profissional de Fotografia - ZM Photo Est\u00fadio\" \/>\n<meta property=\"og:description\" content=\"Est\u00fadio de fotografia profissional a mais de 40 anos no mercado-Fotografia de Gastronomia-Still-Moda-Ensaio e muito mais, confira nosso site!\" \/>\n<meta property=\"og:url\" content=\"https:\/\/zmphoto.com.br\/\" \/>\n<meta property=\"og:site_name\" content=\"ZM Photo Est\u00fadio\" \/>\n<meta property=\"article:modified_time\" content=\"2021-06-24T15:19:31+00:00\" \/>\n<meta name=\"twitter:card\" content=\"summary_large_image\" \/>\n<meta name=\"twitter:label1\" content=\"Est. tempo de leitura\" \/>\n\t<meta name=\"twitter:data1\" content=\"2 minutos\" \/>\n<script type=\"application\/ld+json\" class=\"yoast-schema-graph\">{\"@context\":\"https:\/\/schema.org\",\"@graph\":[{\"@type\":\"WebPage\",\"@id\":\"https:\/\/zmphoto.com.br\/\",\"url\":\"https:\/\/zmphoto.com.br\/\",\"name\":\"Est\u00fadio Profissional de Fotografia - ZM Photo Est\u00fadio\",\"isPartOf\":{\"@id\":\"https:\/\/zmphoto.com.br\/#website\"},\"datePublished\":\"2014-04-14T11:25:31+00:00\",\"dateModified\":\"2021-06-24T15:19:31+00:00\",\"description\":\"Est\u00fadio de fotografia profissional a mais de 40 anos no mercado-Fotografia de Gastronomia-Still-Moda-Ensaio e muito mais, confira nosso site!\",\"breadcrumb\":{\"@id\":\"https:\/\/zmphoto.com.br\/#breadcrumb\"},\"inLanguage\":\"pt-BR\",\"potentialAction\":[{\"@type\":\"ReadAction\",\"target\":[\"https:\/\/zmphoto.com.br\/\"]}]},{\"@type\":\"BreadcrumbList\",\"@id\":\"https:\/\/zmphoto.com.br\/#breadcrumb\",\"itemListElement\":[{\"@type\":\"ListItem\",\"position\":1,\"name\":\"In\u00edcio\",\"item\":\"https:\/\/zmphoto.com.br\/\"},{\"@type\":\"ListItem\",\"position\":2,\"name\":\"Home\"}]},{\"@type\":\"WebSite\",\"@id\":\"https:\/\/zmphoto.com.br\/#website\",\"url\":\"https:\/\/zmphoto.com.br\/\",\"name\":\"ZM Photo Est\u00fadio\",\"description\":\"Fot\u00f3grafo Profissional em S\u00e3o Paulo\",\"potentialAction\":[{\"@type\":\"SearchAction\",\"target\":{\"@type\":\"EntryPoint\",\"urlTemplate\":\"https:\/\/zmphoto.com.br\/?s={search_term_string}\"},\"query-input\":\"required name=search_term_string\"}],\"inLanguage\":\"pt-BR\"}]}<\/script>\n<!-- \/ Yoast SEO plugin. -->","yoast_head_json":{"title":"Est\u00fadio Profissional de Fotografia - ZM Photo Est\u00fadio","description":"Est\u00fadio de fotografia profissional a mais de 40 anos no mercado-Fotografia de Gastronomia-Still-Moda-Ensaio e muito mais, confira nosso site!","robots":{"index":"index","follow":"follow","max-snippet":"max-snippet:-1","max-image-preview":"max-image-preview:large","max-video-preview":"max-video-preview:-1"},"canonical":"https:\/\/zmphoto.com.br\/","og_locale":"pt_BR","og_type":"article","og_title":"Est\u00fadio Profissional de Fotografia - ZM Photo Est\u00fadio","og_description":"Est\u00fadio de fotografia profissional a mais de 40 anos no mercado-Fotografia de Gastronomia-Still-Moda-Ensaio e muito mais, confira nosso site!","og_url":"https:\/\/zmphoto.com.br\/","og_site_name":"ZM Photo Est\u00fadio","article_modified_time":"2021-06-24T15:19:31+00:00","twitter_card":"summary_large_image","twitter_misc":{"Est. tempo de leitura":"2 minutos"},"schema":{"@context":"https:\/\/schema.org","@graph":[{"@type":"WebPage","@id":"https:\/\/zmphoto.com.br\/","url":"https:\/\/zmphoto.com.br\/","name":"Est\u00fadio Profissional de Fotografia - ZM Photo Est\u00fadio","isPartOf":{"@id":"https:\/\/zmphoto.com.br\/#website"},"datePublished":"2014-04-14T11:25:31+00:00","dateModified":"2021-06-24T15:19:31+00:00","description":"Est\u00fadio de fotografia profissional a mais de 40 anos no mercado-Fotografia de Gastronomia-Still-Moda-Ensaio e muito mais, confira nosso site!","breadcrumb":{"@id":"https:\/\/zmphoto.com.br\/#breadcrumb"},"inLanguage":"pt-BR","potentialAction":[{"@type":"ReadAction","target":["https:\/\/zmphoto.com.br\/"]}]},{"@type":"BreadcrumbList","@id":"https:\/\/zmphoto.com.br\/#breadcrumb","itemListElement":[{"@type":"ListItem","position":1,"name":"In\u00edcio","item":"https:\/\/zmphoto.com.br\/"},{"@type":"ListItem","position":2,"name":"Home"}]},{"@type":"WebSite","@id":"https:\/\/zmphoto.com.br\/#website","url":"https:\/\/zmphoto.com.br\/","name":"ZM Photo Est\u00fadio","description":"Fot\u00f3grafo Profissional em S\u00e3o Paulo","potentialAction":[{"@type":"SearchAction","target":{"@type":"EntryPoint","urlTemplate":"https:\/\/zmphoto.com.br\/?s={search_term_string}"},"query-input":"required name=search_term_string"}],"inLanguage":"pt-BR"}]}},"_links":{"self":[{"href":"https:\/\/zmphoto.com.br\/index.php\/wp-json\/wp\/v2\/pages\/16259","targetHints":{"allow":["GET"]}}],"collection":[{"href":"https:\/\/zmphoto.com.br\/index.php\/wp-json\/wp\/v2\/pages"}],"about":[{"href":"https:\/\/zmphoto.com.br\/index.php\/wp-json\/wp\/v2\/types\/page"}],"author":[{"embeddable":true,"href":"https:\/\/zmphoto.com.br\/index.php\/wp-json\/wp\/v2\/users\/1"}],"replies":[{"embeddable":true,"href":"https:\/\/zmphoto.com.br\/index.php\/wp-json\/wp\/v2\/comments?post=16259"}],"version-history":[{"count":43,"href":"https:\/\/zmphoto.com.br\/index.php\/wp-json\/wp\/v2\/pages\/16259\/revisions"}],"predecessor-version":[{"id":18699,"href":"https:\/\/zmphoto.com.br\/index.php\/wp-json\/wp\/v2\/pages\/16259\/revisions\/18699"}],"wp:attachment":[{"href":"https:\/\/zmphoto.com.br\/index.php\/wp-json\/wp\/v2\/media?parent=16259"}],"curies":[{"name":"wp","href":"https:\/\/api.w.org\/{rel}","templated":true}]}}