{"id":1452,"date":"2013-10-16T12:05:38","date_gmt":"2013-10-16T12:05:38","guid":{"rendered":"http:\/\/demo.select-themes.com\/nouveau\/?page_id=1452"},"modified":"2021-06-28T14:13:50","modified_gmt":"2021-06-28T17:13:50","slug":"atendimento","status":"publish","type":"page","link":"https:\/\/zmphoto.com.br\/index.php\/atendimento\/","title":{"rendered":"Atendimento"},"content":{"rendered":"<p>[vc_row row_type=&#8221;row&#8221; type=&#8221;full_width&#8221; in_content_menu=&#8221;&#8221; text_align=&#8221;left&#8221; padding_top=&#8221;73&#8243; css_animation=&#8221;&#8221;][vc_column width=&#8221;1\/3&#8243;]<div class='q_icon_with_title medium normal_icon left_from_title'><div class=\"icon_text_holder\"><div class=\"icon_text_inner\" style=\"\"><div class=\"icon_title_holder\"><div class=\"icon_holder \" style=\" \"><span style=\"\" class=\"q_font_awsome_icon fa-3x \"><i class=\"fa fa-phone\" style=\"color: #d9d9d9;\"><\/i><\/span><\/div><h4 class=\"icon_title\" style=\"\">Telefones<\/h4><\/div><p style=''><\/p><\/div><\/div><\/div>[vc_separator type=&#8221;transparent&#8221; up=&#8221;-19&#8243; down=&#8221;0&#8243;][vc_column_text](11) 3277 5814<br \/>\n<a href=\"https:\/\/web.whatsapp.com\/send?phone=5511995540293\" target=\"_blank\" rel=\"noopener\">WhatsApp: (11)99554 0293<\/a>[\/vc_column_text][vc_separator type=&#8221;transparent&#8221; up=&#8221;40&#8243; down=&#8221;0&#8243;][\/vc_column][vc_column width=&#8221;1\/3&#8243;]<div class='q_icon_with_title medium normal_icon left_from_title'><div class=\"icon_text_holder\"><div class=\"icon_text_inner\" style=\"\"><div class=\"icon_title_holder\"><div class=\"icon_holder \" style=\" \"><span style=\"\" class=\"q_font_awsome_icon fa-3x \"><i class=\"fa fa-clock-o\" style=\"color: #d9d9d9;\"><\/i><\/span><\/div><h4 class=\"icon_title\" style=\"\">Endere\u00e7o<\/h4><\/div><p style=''>R. Nilo 381 Aclima\u00e7\u00e3o CEP: 01533-010<\/p><\/div><\/div><\/div>[vc_separator type=&#8221;transparent&#8221; up=&#8221;40&#8243; down=&#8221;0&#8243;][\/vc_column][vc_column width=&#8221;1\/3&#8243;]<div class='q_icon_with_title medium normal_icon left_from_title'><div class=\"icon_text_holder\"><div class=\"icon_text_inner\" style=\"\"><div class=\"icon_title_holder\"><div class=\"icon_holder \" style=\" \"><span style=\"\" class=\"q_font_awsome_icon fa-3x \"><i class=\"fa fa-pencil\" style=\"color: #d9d9d9;\"><\/i><\/span><\/div><h4 class=\"icon_title\" style=\"\">E-mail<\/h4><\/div><p style=''>zmphoto@zmphoto.com.b<\/p><\/div><\/div><\/div>[vc_separator type=&#8221;transparent&#8221; up=&#8221;40&#8243; down=&#8221;0&#8243;][\/vc_column][\/vc_row][vc_row row_type=&#8221;row&#8221; type=&#8221;full_width&#8221; in_content_menu=&#8221;&#8221; text_align=&#8221;left&#8221; css_animation=&#8221;&#8221;][vc_column width=&#8221;1\/2&#8243;]\n<div class=\"wpcf7 no-js\" id=\"wpcf7-f5-o1\" lang=\"pt-BR\" dir=\"ltr\">\n<div class=\"screen-reader-response\"><p role=\"status\" aria-live=\"polite\" aria-atomic=\"true\"><\/p> <ul><\/ul><\/div>\n<form action=\"\/index.php\/wp-json\/wp\/v2\/pages\/1452#wpcf7-f5-o1\" method=\"post\" class=\"wpcf7-form init\" aria-label=\"Formul\u00e1rios de contato\" novalidate=\"novalidate\" data-status=\"init\">\n<div style=\"display: none;\">\n<input type=\"hidden\" name=\"_wpcf7\" value=\"5\" \/>\n<input type=\"hidden\" name=\"_wpcf7_version\" value=\"5.9.6\" \/>\n<input type=\"hidden\" name=\"_wpcf7_locale\" value=\"pt_BR\" \/>\n<input type=\"hidden\" name=\"_wpcf7_unit_tag\" value=\"wpcf7-f5-o1\" \/>\n<input type=\"hidden\" name=\"_wpcf7_container_post\" value=\"0\" \/>\n<input type=\"hidden\" name=\"_wpcf7_posted_data_hash\" value=\"\" \/>\n<\/div>\n<p><label> Nome:<br \/>\n<span class=\"wpcf7-form-control-wrap\" data-name=\"nome\"><input size=\"40\" maxlength=\"80\" class=\"wpcf7-form-control wpcf7-text wpcf7-validates-as-required\" aria-required=\"true\" aria-invalid=\"false\" value=\"\" type=\"text\" name=\"nome\" \/><\/span> <\/label>\n<\/p>\n<p><label> E-mail:<br \/>\n<span class=\"wpcf7-form-control-wrap\" data-name=\"email\"><input size=\"40\" maxlength=\"80\" class=\"wpcf7-form-control wpcf7-email wpcf7-validates-as-required wpcf7-text wpcf7-validates-as-email\" aria-required=\"true\" aria-invalid=\"false\" value=\"\" type=\"email\" name=\"email\" \/><\/span> <\/label>\n<\/p>\n<p><label> Assunto:<br \/>\n<span class=\"wpcf7-form-control-wrap\" data-name=\"assunto\"><input size=\"40\" maxlength=\"80\" class=\"wpcf7-form-control wpcf7-text wpcf7-validates-as-required\" aria-required=\"true\" aria-invalid=\"false\" value=\"\" type=\"text\" name=\"assunto\" \/><\/span> <\/label>\n<\/p>\n<p><label> Mensagem:<br \/>\n<span class=\"wpcf7-form-control-wrap\" data-name=\"mensagem\"><textarea cols=\"40\" rows=\"10\" maxlength=\"400\" class=\"wpcf7-form-control wpcf7-textarea\" aria-invalid=\"false\" name=\"mensagem\"><\/textarea><\/span> <\/label>\n<\/p>\n<p><input class=\"wpcf7-form-control wpcf7-submit has-spinner\" type=\"submit\" value=\"ENVIAR MENSAGEM\" \/>\n<\/p><div class=\"wpcf7-response-output\" aria-hidden=\"true\"><\/div>\n<\/form>\n<\/div>\n[\/vc_column][vc_column width=&#8221;1\/2&#8243;][vc_single_image image=&#8221;18312&#8243; img_size=&#8221;full&#8221; qode_css_animation=&#8221;&#8221;][\/vc_column][\/vc_row]<\/p>\n","protected":false},"excerpt":{"rendered":"<p>[vc_row row_type=&#8221;row&#8221; type=&#8221;full_width&#8221; in_content_menu=&#8221;&#8221; text_align=&#8221;left&#8221; padding_top=&#8221;73&#8243; css_animation=&#8221;&#8221;][vc_column width=&#8221;1\/3&#8243;][vc_separator type=&#8221;transparent&#8221; up=&#8221;-19&#8243; down=&#8221;0&#8243;][vc_column_text](11) 3277 5814 WhatsApp: (11)99554 0293[\/vc_column_text][vc_separator type=&#8221;transparent&#8221; up=&#8221;40&#8243; down=&#8221;0&#8243;][\/vc_column][vc_column width=&#8221;1\/3&#8243;][vc_separator type=&#8221;transparent&#8221; up=&#8221;40&#8243; down=&#8221;0&#8243;][\/vc_column][vc_column width=&#8221;1\/3&#8243;][vc_separator type=&#8221;transparent&#8221; up=&#8221;40&#8243; down=&#8221;0&#8243;][\/vc_column][\/vc_row][vc_row row_type=&#8221;row&#8221; type=&#8221;full_width&#8221; in_content_menu=&#8221;&#8221; text_align=&#8221;left&#8221; css_animation=&#8221;&#8221;][vc_column width=&#8221;1\/2&#8243;][\/vc_column][vc_column width=&#8221;1\/2&#8243;][vc_single_image image=&#8221;18312&#8243; img_size=&#8221;full&#8221; qode_css_animation=&#8221;&#8221;][\/vc_column][\/vc_row]<\/p>\n","protected":false},"author":1,"featured_media":0,"parent":0,"menu_order":0,"comment_status":"open","ping_status":"open","template":"","meta":{"footnotes":""},"class_list":["post-1452","page","type-page","status-publish","hentry"],"yoast_head":"<!-- This site is optimized with the Yoast SEO plugin v23.0 - https:\/\/yoast.com\/wordpress\/plugins\/seo\/ -->\n<title>Atendimento - ZM Photo Est\u00fadio<\/title>\n<meta name=\"description\" content=\"Nosso atendimento para loca\u00e7\u00e3o e shooting profissional, mande mensagem para nosso whatsapp ou ligue 11 99554-0293\" \/>\n<meta name=\"robots\" content=\"index, follow, max-snippet:-1, max-image-preview:large, max-video-preview:-1\" \/>\n<link rel=\"canonical\" href=\"https:\/\/zmphoto.com.br\/index.php\/atendimento\/\" \/>\n<meta property=\"og:locale\" content=\"pt_BR\" \/>\n<meta property=\"og:type\" content=\"article\" \/>\n<meta property=\"og:title\" content=\"Atendimento - ZM Photo Est\u00fadio\" \/>\n<meta property=\"og:description\" content=\"Nosso atendimento para loca\u00e7\u00e3o e shooting profissional, mande mensagem para nosso whatsapp ou ligue 11 99554-0293\" \/>\n<meta property=\"og:url\" content=\"https:\/\/zmphoto.com.br\/index.php\/atendimento\/\" \/>\n<meta property=\"og:site_name\" content=\"ZM Photo Est\u00fadio\" \/>\n<meta property=\"article:modified_time\" content=\"2021-06-28T17:13:50+00:00\" \/>\n<meta name=\"twitter:card\" content=\"summary_large_image\" \/>\n<meta name=\"twitter:label1\" content=\"Est. tempo de leitura\" \/>\n\t<meta name=\"twitter:data1\" content=\"1 minuto\" \/>\n<script type=\"application\/ld+json\" class=\"yoast-schema-graph\">{\"@context\":\"https:\/\/schema.org\",\"@graph\":[{\"@type\":\"WebPage\",\"@id\":\"https:\/\/zmphoto.com.br\/index.php\/atendimento\/\",\"url\":\"https:\/\/zmphoto.com.br\/index.php\/atendimento\/\",\"name\":\"Atendimento - ZM Photo Est\u00fadio\",\"isPartOf\":{\"@id\":\"https:\/\/zmphoto.com.br\/#website\"},\"datePublished\":\"2013-10-16T12:05:38+00:00\",\"dateModified\":\"2021-06-28T17:13:50+00:00\",\"description\":\"Nosso atendimento para loca\u00e7\u00e3o e shooting profissional, mande mensagem para nosso whatsapp ou ligue 11 99554-0293\",\"breadcrumb\":{\"@id\":\"https:\/\/zmphoto.com.br\/index.php\/atendimento\/#breadcrumb\"},\"inLanguage\":\"pt-BR\",\"potentialAction\":[{\"@type\":\"ReadAction\",\"target\":[\"https:\/\/zmphoto.com.br\/index.php\/atendimento\/\"]}]},{\"@type\":\"BreadcrumbList\",\"@id\":\"https:\/\/zmphoto.com.br\/index.php\/atendimento\/#breadcrumb\",\"itemListElement\":[{\"@type\":\"ListItem\",\"position\":1,\"name\":\"In\u00edcio\",\"item\":\"https:\/\/zmphoto.com.br\/\"},{\"@type\":\"ListItem\",\"position\":2,\"name\":\"Atendimento\"}]},{\"@type\":\"WebSite\",\"@id\":\"https:\/\/zmphoto.com.br\/#website\",\"url\":\"https:\/\/zmphoto.com.br\/\",\"name\":\"ZM Photo Est\u00fadio\",\"description\":\"Fot\u00f3grafo Profissional em S\u00e3o Paulo\",\"potentialAction\":[{\"@type\":\"SearchAction\",\"target\":{\"@type\":\"EntryPoint\",\"urlTemplate\":\"https:\/\/zmphoto.com.br\/?s={search_term_string}\"},\"query-input\":\"required name=search_term_string\"}],\"inLanguage\":\"pt-BR\"}]}<\/script>\n<!-- \/ Yoast SEO plugin. -->","yoast_head_json":{"title":"Atendimento - ZM Photo Est\u00fadio","description":"Nosso atendimento para loca\u00e7\u00e3o e shooting profissional, mande mensagem para nosso whatsapp ou ligue 11 99554-0293","robots":{"index":"index","follow":"follow","max-snippet":"max-snippet:-1","max-image-preview":"max-image-preview:large","max-video-preview":"max-video-preview:-1"},"canonical":"https:\/\/zmphoto.com.br\/index.php\/atendimento\/","og_locale":"pt_BR","og_type":"article","og_title":"Atendimento - ZM Photo Est\u00fadio","og_description":"Nosso atendimento para loca\u00e7\u00e3o e shooting profissional, mande mensagem para nosso whatsapp ou ligue 11 99554-0293","og_url":"https:\/\/zmphoto.com.br\/index.php\/atendimento\/","og_site_name":"ZM Photo Est\u00fadio","article_modified_time":"2021-06-28T17:13:50+00:00","twitter_card":"summary_large_image","twitter_misc":{"Est. tempo de leitura":"1 minuto"},"schema":{"@context":"https:\/\/schema.org","@graph":[{"@type":"WebPage","@id":"https:\/\/zmphoto.com.br\/index.php\/atendimento\/","url":"https:\/\/zmphoto.com.br\/index.php\/atendimento\/","name":"Atendimento - ZM Photo Est\u00fadio","isPartOf":{"@id":"https:\/\/zmphoto.com.br\/#website"},"datePublished":"2013-10-16T12:05:38+00:00","dateModified":"2021-06-28T17:13:50+00:00","description":"Nosso atendimento para loca\u00e7\u00e3o e shooting profissional, mande mensagem para nosso whatsapp ou ligue 11 99554-0293","breadcrumb":{"@id":"https:\/\/zmphoto.com.br\/index.php\/atendimento\/#breadcrumb"},"inLanguage":"pt-BR","potentialAction":[{"@type":"ReadAction","target":["https:\/\/zmphoto.com.br\/index.php\/atendimento\/"]}]},{"@type":"BreadcrumbList","@id":"https:\/\/zmphoto.com.br\/index.php\/atendimento\/#breadcrumb","itemListElement":[{"@type":"ListItem","position":1,"name":"In\u00edcio","item":"https:\/\/zmphoto.com.br\/"},{"@type":"ListItem","position":2,"name":"Atendimento"}]},{"@type":"WebSite","@id":"https:\/\/zmphoto.com.br\/#website","url":"https:\/\/zmphoto.com.br\/","name":"ZM Photo Est\u00fadio","description":"Fot\u00f3grafo Profissional em S\u00e3o Paulo","potentialAction":[{"@type":"SearchAction","target":{"@type":"EntryPoint","urlTemplate":"https:\/\/zmphoto.com.br\/?s={search_term_string}"},"query-input":"required name=search_term_string"}],"inLanguage":"pt-BR"}]}},"_links":{"self":[{"href":"https:\/\/zmphoto.com.br\/index.php\/wp-json\/wp\/v2\/pages\/1452","targetHints":{"allow":["GET"]}}],"collection":[{"href":"https:\/\/zmphoto.com.br\/index.php\/wp-json\/wp\/v2\/pages"}],"about":[{"href":"https:\/\/zmphoto.com.br\/index.php\/wp-json\/wp\/v2\/types\/page"}],"author":[{"embeddable":true,"href":"https:\/\/zmphoto.com.br\/index.php\/wp-json\/wp\/v2\/users\/1"}],"replies":[{"embeddable":true,"href":"https:\/\/zmphoto.com.br\/index.php\/wp-json\/wp\/v2\/comments?post=1452"}],"version-history":[{"count":4,"href":"https:\/\/zmphoto.com.br\/index.php\/wp-json\/wp\/v2\/pages\/1452\/revisions"}],"predecessor-version":[{"id":18181,"href":"https:\/\/zmphoto.com.br\/index.php\/wp-json\/wp\/v2\/pages\/1452\/revisions\/18181"}],"wp:attachment":[{"href":"https:\/\/zmphoto.com.br\/index.php\/wp-json\/wp\/v2\/media?parent=1452"}],"curies":[{"name":"wp","href":"https:\/\/api.w.org\/{rel}","templated":true}]}}